{"id":16178,"date":"2021-11-24T19:01:57","date_gmt":"2021-11-24T18:01:57","guid":{"rendered":"https:\/\/unity-schweiz.ch\/?post_type=product&#038;p=16178"},"modified":"2022-05-13T12:47:26","modified_gmt":"2022-05-13T10:47:26","slug":"wir-sind-hier","status":"publish","type":"product","link":"https:\/\/unity-schweiz.ch\/fr\/produit\/wir-sind-hier\/","title":{"rendered":"Wir sind hier"},"content":{"rendered":"\t\t<div data-elementor-type=\"wp-post\" data-elementor-id=\"16178\" class=\"elementor elementor-16178 elementor-16177\">\n\t\t\t\t\t\t<section class=\"wd-negative-gap elementor-section elementor-top-section elementor-element elementor-element-3391358 elementor-section-content-top elementor-section-boxed elementor-section-height-default elementor-section-height-default\" data-id=\"3391358\" data-element_type=\"section\" data-e-type=\"section\">\n\t\t\t\t\t\t<div class=\"elementor-container elementor-column-gap-default\">\n\t\t\t\t\t<div class=\"elementor-column elementor-col-50 elementor-top-column elementor-element elementor-element-3639598\" data-id=\"3639598\" data-element_type=\"column\" data-e-type=\"column\">\n\t\t\t<div class=\"elementor-widget-wrap elementor-element-populated\">\n\t\t\t\t\t\t<div class=\"elementor-element elementor-element-fec4e50 wd-width-100 elementor-widget elementor-widget-wd_title\" data-id=\"fec4e50\" data-element_type=\"widget\" data-e-type=\"widget\" data-widget_type=\"wd_title.default\">\n\t\t\t\t<div class=\"elementor-widget-container\">\n\t\t\t\t\t\t\t<div class=\"title-wrapper wd-set-mb reset-last-child wd-title-color-default wd-title-style-default wd-title-size-default text-left\">\n\n\t\t\t\n\t\t\t<div class=\"liner-continer\">\n\t\t\t\t<h4 class=\"woodmart-title-container title wd-fontsize-l\">Tout sur le livre<\/h4> \n\t\t\t\t\t\t\t<\/div>\n\n\t\t\t\t\t<\/div>\n\t\t\t\t\t\t<\/div>\n\t\t\t\t<\/div>\n\t\t\t\t<div class=\"elementor-element elementor-element-3429026 color-scheme-inherit text-left elementor-widget elementor-widget-text-editor\" data-id=\"3429026\" data-element_type=\"widget\" data-e-type=\"widget\" data-widget_type=\"text-editor.default\">\n\t\t\t\t<div class=\"elementor-widget-container\">\n\t\t\t\t\t\t\t\t\t<p>\u201eWir sind hier\u201c handelt von einem M\u00e4dchen und ihrem kleinen Bruder, die mit ihrer Familie auf der Flucht sind. Jeden Tag ist f\u00fcr die beiden alles anders, und so sch\u00f6pfen sie Kraft und Mut aus den wenigen Habseligkeiten, die sie mitnehmen konnten. In ihrer Fantasie wird ein Becher zu einem Boot, eine Decke zu einem Segel und eine Blume zu einem Mast. Und so ertr\u00e4umen sie sich ein Schiff, dass sie, ihre Hoffnungen und W\u00fcnsche sicher durch eine unsichere Welt tr\u00e4gt.<\/p><p>Es ist eine ergreifende, poetische und optimistische Geschichte, die sich schon an kleine Leser*innen richtet und vor allem eins schafft: Empathie und Mitgef\u00fchl. Die Mixed Media Illustrationen von Rashin Kheiriyeh \u2013 die 1979, kurz vor Beginn des Iran-Irak-Kriegs, in Chorramschahr geboren wurde \u2013 machen dabei jede Doppelseite zu einem kleinen Kunstwerk.<\/p><p>F\u00fcr jedes verkaufte Buch spenden wir einen Euro an Sea Watch e.V. \u2013 einer gemeinn\u00fctzigen Organisation, die jeden Tag darum k\u00e4mpft, im Mittelmeer Menschenleben zu retten.<\/p><p>F\u00fcr Kinder ab 3 Jahren<\/p><p>ISBN 9783949315022<\/p>\t\t\t\t\t\t\t\t<\/div>\n\t\t\t\t<\/div>\n\t\t\t\t\t<\/div>\n\t\t<\/div>\n\t\t\t\t<div class=\"elementor-column elementor-col-50 elementor-top-column elementor-element elementor-element-3667589\" data-id=\"3667589\" data-element_type=\"column\" data-e-type=\"column\">\n\t\t\t<div class=\"elementor-widget-wrap elementor-element-populated\">\n\t\t\t\t\t\t<section class=\"wd-negative-gap elementor-section elementor-inner-section elementor-element elementor-element-7172141 elementor-section-content-top elementor-section-boxed elementor-section-height-default elementor-section-height-default\" data-id=\"7172141\" data-element_type=\"section\" data-e-type=\"section\">\n\t\t\t\t\t\t<div class=\"elementor-container elementor-column-gap-default\">\n\t\t\t\t\t<div class=\"elementor-column elementor-col-100 elementor-inner-column elementor-element elementor-element-7481784\" data-id=\"7481784\" data-element_type=\"column\" data-e-type=\"column\">\n\t\t\t<div class=\"elementor-widget-wrap elementor-element-populated\">\n\t\t\t\t\t\t<div class=\"elementor-element elementor-element-5498097 elementor-widget elementor-widget-wd_infobox\" data-id=\"5498097\" data-element_type=\"widget\" data-e-type=\"widget\" data-widget_type=\"wd_infobox.default\">\n\t\t\t\t<div class=\"elementor-widget-container\">\n\t\t\t\t\t\t\t<div class=\"info-box-wrapper\">\n\t\t\t<div class=\"wd-info-box text-center box-icon-align-top box-style-base color-scheme-\">\n\t\t\t\t\n\t\t\t\t<div class=\"info-box-content\">\n\t\t\t\t\t\n\t\t\t\t\t\t\t\t\t\t\t<h4\t\t\t\t\t\tclass=\"info-box-title title box-title-style-default wd-fontsize-s\" data-elementor-setting-key=\"title\">\n\t\t\t\t\t\t\t\tAutor \/-in\t\t\t\t\t\t<\/h4>\n\t\t\t\t\t\n\t\t\t\t\t<div class=\"info-box-inner reset-last-child\"data-elementor-setting-key=\"content\"><p>Kyo Maclear<\/p>\n<\/div>\n\n\t\t\t\t\t\t\t\t\t<\/div>\n\n\t\t\t\t\t\t\t\t\t<a href=\"#\" class=\"wd-info-box-link wd-fill\" aria-label=\"Infobox link\"><\/a>\n\t\t\t\t\t\t\t<\/div>\n\t\t<\/div>\n\t\t\t\t\t\t<\/div>\n\t\t\t\t<\/div>\n\t\t\t\t\t<\/div>\n\t\t<\/div>\n\t\t\t\t\t<\/div>\n\t\t<\/section>\n\t\t\t\t\t<\/div>\n\t\t<\/div>\n\t\t\t\t\t<\/div>\n\t\t<\/section>\n\t\t\t\t<\/div>\n\t\t","protected":false},"excerpt":{"rendered":"<p>40 Seiten<\/p>\n","protected":false},"featured_media":16082,"comment_status":"open","ping_status":"closed","template":"","meta":[],"product_brand":[],"product_cat":[109,101],"product_tag":[],"class_list":{"0":"post-16178","1":"product","2":"type-product","3":"status-publish","4":"has-post-thumbnail","6":"product_cat-livres-pour-enfants","7":"product_cat-toutes-les-categories","8":"product_shipping_class-nicht-mit-briefpost-versendbar-chf7","10":"first","11":"instock","12":"taxable","13":"shipping-taxable","14":"purchasable","15":"product-type-simple"},"_links":{"self":[{"href":"https:\/\/unity-schweiz.ch\/fr\/wp-json\/wp\/v2\/product\/16178","targetHints":{"allow":["GET"]}}],"collection":[{"href":"https:\/\/unity-schweiz.ch\/fr\/wp-json\/wp\/v2\/product"}],"about":[{"href":"https:\/\/unity-schweiz.ch\/fr\/wp-json\/wp\/v2\/types\/product"}],"replies":[{"embeddable":true,"href":"https:\/\/unity-schweiz.ch\/fr\/wp-json\/wp\/v2\/comments?post=16178"}],"version-history":[{"count":4,"href":"https:\/\/unity-schweiz.ch\/fr\/wp-json\/wp\/v2\/product\/16178\/revisions"}],"predecessor-version":[{"id":17149,"href":"https:\/\/unity-schweiz.ch\/fr\/wp-json\/wp\/v2\/product\/16178\/revisions\/17149"}],"wp:featuredmedia":[{"embeddable":true,"href":"https:\/\/unity-schweiz.ch\/fr\/wp-json\/wp\/v2\/media\/16082"}],"wp:attachment":[{"href":"https:\/\/unity-schweiz.ch\/fr\/wp-json\/wp\/v2\/media?parent=16178"}],"wp:term":[{"taxonomy":"product_brand","embeddable":true,"href":"https:\/\/unity-schweiz.ch\/fr\/wp-json\/wp\/v2\/product_brand?post=16178"},{"taxonomy":"product_cat","embeddable":true,"href":"https:\/\/unity-schweiz.ch\/fr\/wp-json\/wp\/v2\/product_cat?post=16178"},{"taxonomy":"product_tag","embeddable":true,"href":"https:\/\/unity-schweiz.ch\/fr\/wp-json\/wp\/v2\/product_tag?post=16178"}],"curies":[{"name":"wp","href":"https:\/\/api.w.org\/{rel}","templated":true}]}}