{"id":16163,"date":"2021-11-24T18:56:29","date_gmt":"2021-11-24T17:56:29","guid":{"rendered":"https:\/\/unity-schweiz.ch\/?post_type=product&#038;p=16163"},"modified":"2022-05-13T12:46:02","modified_gmt":"2022-05-13T10:46:02","slug":"sei-ein-ganzer-kerl","status":"publish","type":"product","link":"https:\/\/unity-schweiz.ch\/fr\/produit\/sei-ein-ganzer-kerl\/","title":{"rendered":"Sei ein ganzer Kerl"},"content":{"rendered":"\t\t<div data-elementor-type=\"wp-post\" data-elementor-id=\"16163\" class=\"elementor elementor-16163 elementor-16162\">\n\t\t\t\t\t\t<section class=\"wd-negative-gap elementor-section elementor-top-section elementor-element elementor-element-3391358 elementor-section-content-top elementor-section-boxed elementor-section-height-default elementor-section-height-default\" data-id=\"3391358\" data-element_type=\"section\" data-e-type=\"section\">\n\t\t\t\t\t\t<div class=\"elementor-container elementor-column-gap-default\">\n\t\t\t\t\t<div class=\"elementor-column elementor-col-50 elementor-top-column elementor-element elementor-element-3639598\" data-id=\"3639598\" data-element_type=\"column\" data-e-type=\"column\">\n\t\t\t<div class=\"elementor-widget-wrap elementor-element-populated\">\n\t\t\t\t\t\t<div class=\"elementor-element elementor-element-fec4e50 wd-width-100 elementor-widget elementor-widget-wd_title\" data-id=\"fec4e50\" data-element_type=\"widget\" data-e-type=\"widget\" data-widget_type=\"wd_title.default\">\n\t\t\t\t<div class=\"elementor-widget-container\">\n\t\t\t\t\t\t\t<div class=\"title-wrapper wd-set-mb reset-last-child wd-title-color-default wd-title-style-default wd-title-size-default text-left\">\n\n\t\t\t\n\t\t\t<div class=\"liner-continer\">\n\t\t\t\t<h4 class=\"woodmart-title-container title wd-fontsize-l\">Tout sur le livre<\/h4> \n\t\t\t\t\t\t\t<\/div>\n\n\t\t\t\t\t<\/div>\n\t\t\t\t\t\t<\/div>\n\t\t\t\t<\/div>\n\t\t\t\t<div class=\"elementor-element elementor-element-3429026 color-scheme-inherit text-left elementor-widget elementor-widget-text-editor\" data-id=\"3429026\" data-element_type=\"widget\" data-e-type=\"widget\" data-widget_type=\"text-editor.default\">\n\t\t\t\t<div class=\"elementor-widget-container\">\n\t\t\t\t\t\t\t\t\t<p>Von der preisgekro\u0308nten Bestseller-Autorin Jessica Sanders kommt nun das Buch, nach dem viele Leser und Leserinnen von \u201eLiebe deinen Ko\u0308rper\u201c gefragt haben: Die Botschaft von Selbstliebe und Authentizita\u0308t ist nun auch in einem wunderbaren Titel fu\u0308r Jungs erha\u0308ltlich!<\/p><p>Genau wie \u201eLiebe deinen K\u00f6rper\u201c gibt dieses Buch eine Einf\u00fchrung in Selbstliebe und \u201eSelf-Care\u201c und zeigt mit ganz diversen K\u00f6rpertypen, dass jeder K\u00f6rper ein guter K\u00f6rper ist.<\/p><p>Das Buch ermutigt Jungs, auch ihre verletzlichen Seiten ernst zu nehmen und sagt ihnen, dass Jungs nicht immer nur stark, hart oder lustig sein m\u00fcssen, sondern dass sie auch um Hilfe bitten d\u00fcrfen und alle Emotionen zulassen k\u00f6nnen. Es erweitert altmodische, engstirnige Vorstellungen von \u201eM\u00e4nnlichkeit\u201c und zeigt, dass auch Eigenschaften wie Sensibilit\u00e4t, Kreativit\u00e4t oder F\u00fcrsorge absolut m\u00e4nnlich sind.<br \/>Ein ganz tolles Buch, dass Jungs stark macht und ihnen sagt: Sei einfach ganz du selbst, denn so bist du richtig!<\/p><p>F\u00fcr Kinder ab 8 Jahren<\/p><p>ISBN 9783982137940<\/p>\t\t\t\t\t\t\t\t<\/div>\n\t\t\t\t<\/div>\n\t\t\t\t\t<\/div>\n\t\t<\/div>\n\t\t\t\t<div class=\"elementor-column elementor-col-50 elementor-top-column elementor-element elementor-element-3667589\" data-id=\"3667589\" data-element_type=\"column\" data-e-type=\"column\">\n\t\t\t<div class=\"elementor-widget-wrap elementor-element-populated\">\n\t\t\t\t\t\t<section class=\"wd-negative-gap elementor-section elementor-inner-section elementor-element elementor-element-7172141 elementor-section-content-top elementor-section-boxed elementor-section-height-default elementor-section-height-default\" data-id=\"7172141\" data-element_type=\"section\" data-e-type=\"section\">\n\t\t\t\t\t\t<div class=\"elementor-container elementor-column-gap-default\">\n\t\t\t\t\t<div class=\"elementor-column elementor-col-100 elementor-inner-column elementor-element elementor-element-7481784\" data-id=\"7481784\" data-element_type=\"column\" data-e-type=\"column\">\n\t\t\t<div class=\"elementor-widget-wrap elementor-element-populated\">\n\t\t\t\t\t\t<div class=\"elementor-element elementor-element-5498097 elementor-widget elementor-widget-wd_infobox\" data-id=\"5498097\" data-element_type=\"widget\" data-e-type=\"widget\" data-widget_type=\"wd_infobox.default\">\n\t\t\t\t<div class=\"elementor-widget-container\">\n\t\t\t\t\t\t\t<div class=\"info-box-wrapper\">\n\t\t\t<div class=\"wd-info-box text-center box-icon-align-top box-style-base color-scheme-\">\n\t\t\t\t\n\t\t\t\t<div class=\"info-box-content\">\n\t\t\t\t\t\n\t\t\t\t\t\t\t\t\t\t\t<h4\t\t\t\t\t\tclass=\"info-box-title title box-title-style-default wd-fontsize-s\" data-elementor-setting-key=\"title\">\n\t\t\t\t\t\t\t\tAutor \/-in\t\t\t\t\t\t<\/h4>\n\t\t\t\t\t\n\t\t\t\t\t<div class=\"info-box-inner reset-last-child\"data-elementor-setting-key=\"content\"><p>Jessica Sanders<\/p>\n<\/div>\n\n\t\t\t\t\t\t\t\t\t<\/div>\n\n\t\t\t\t\t\t\t\t\t<a href=\"#\" class=\"wd-info-box-link wd-fill\" aria-label=\"Infobox link\"><\/a>\n\t\t\t\t\t\t\t<\/div>\n\t\t<\/div>\n\t\t\t\t\t\t<\/div>\n\t\t\t\t<\/div>\n\t\t\t\t\t<\/div>\n\t\t<\/div>\n\t\t\t\t\t<\/div>\n\t\t<\/section>\n\t\t\t\t\t<\/div>\n\t\t<\/div>\n\t\t\t\t\t<\/div>\n\t\t<\/section>\n\t\t\t\t<\/div>\n\t\t","protected":false},"excerpt":{"rendered":"<p>40 Seiten<\/p>\n","protected":false},"featured_media":16078,"comment_status":"open","ping_status":"closed","template":"","meta":[],"product_brand":[],"product_cat":[109,101],"product_tag":[],"class_list":{"0":"post-16163","1":"product","2":"type-product","3":"status-publish","4":"has-post-thumbnail","6":"product_cat-livres-pour-enfants","7":"product_cat-toutes-les-categories","8":"product_shipping_class-nicht-mit-briefpost-versendbar-chf7","10":"first","11":"instock","12":"taxable","13":"shipping-taxable","14":"purchasable","15":"product-type-simple"},"_links":{"self":[{"href":"https:\/\/unity-schweiz.ch\/fr\/wp-json\/wp\/v2\/product\/16163","targetHints":{"allow":["GET"]}}],"collection":[{"href":"https:\/\/unity-schweiz.ch\/fr\/wp-json\/wp\/v2\/product"}],"about":[{"href":"https:\/\/unity-schweiz.ch\/fr\/wp-json\/wp\/v2\/types\/product"}],"replies":[{"embeddable":true,"href":"https:\/\/unity-schweiz.ch\/fr\/wp-json\/wp\/v2\/comments?post=16163"}],"version-history":[{"count":2,"href":"https:\/\/unity-schweiz.ch\/fr\/wp-json\/wp\/v2\/product\/16163\/revisions"}],"predecessor-version":[{"id":17145,"href":"https:\/\/unity-schweiz.ch\/fr\/wp-json\/wp\/v2\/product\/16163\/revisions\/17145"}],"wp:featuredmedia":[{"embeddable":true,"href":"https:\/\/unity-schweiz.ch\/fr\/wp-json\/wp\/v2\/media\/16078"}],"wp:attachment":[{"href":"https:\/\/unity-schweiz.ch\/fr\/wp-json\/wp\/v2\/media?parent=16163"}],"wp:term":[{"taxonomy":"product_brand","embeddable":true,"href":"https:\/\/unity-schweiz.ch\/fr\/wp-json\/wp\/v2\/product_brand?post=16163"},{"taxonomy":"product_cat","embeddable":true,"href":"https:\/\/unity-schweiz.ch\/fr\/wp-json\/wp\/v2\/product_cat?post=16163"},{"taxonomy":"product_tag","embeddable":true,"href":"https:\/\/unity-schweiz.ch\/fr\/wp-json\/wp\/v2\/product_tag?post=16163"}],"curies":[{"name":"wp","href":"https:\/\/api.w.org\/{rel}","templated":true}]}}