{"id":15876,"date":"2021-11-23T20:56:30","date_gmt":"2021-11-23T19:56:30","guid":{"rendered":"https:\/\/unity-schweiz.ch\/?post_type=product&#038;p=15876"},"modified":"2021-11-24T19:40:55","modified_gmt":"2021-11-24T18:40:55","slug":"victor-wuschel","status":"publish","type":"product","link":"https:\/\/unity-schweiz.ch\/fr\/produit\/victor-wuschel\/","title":{"rendered":"Victor Wuschel"},"content":{"rendered":"\t\t<div data-elementor-type=\"wp-post\" data-elementor-id=\"15876\" class=\"elementor elementor-15876 elementor-15875\">\n\t\t\t\t\t\t<section class=\"wd-negative-gap elementor-section elementor-top-section elementor-element elementor-element-3391358 elementor-section-content-top elementor-section-boxed elementor-section-height-default elementor-section-height-default\" data-id=\"3391358\" data-element_type=\"section\" data-e-type=\"section\">\n\t\t\t\t\t\t<div class=\"elementor-container elementor-column-gap-default\">\n\t\t\t\t\t<div class=\"elementor-column elementor-col-50 elementor-top-column elementor-element elementor-element-3639598\" data-id=\"3639598\" data-element_type=\"column\" data-e-type=\"column\">\n\t\t\t<div class=\"elementor-widget-wrap elementor-element-populated\">\n\t\t\t\t\t\t<div class=\"elementor-element elementor-element-fec4e50 wd-width-100 elementor-widget elementor-widget-wd_title\" data-id=\"fec4e50\" data-element_type=\"widget\" data-e-type=\"widget\" data-widget_type=\"wd_title.default\">\n\t\t\t\t<div class=\"elementor-widget-container\">\n\t\t\t\t\t\t\t<div class=\"title-wrapper wd-set-mb reset-last-child wd-title-color-default wd-title-style-default wd-title-size-default text-left\">\n\n\t\t\t\n\t\t\t<div class=\"liner-continer\">\n\t\t\t\t<h4 class=\"woodmart-title-container title wd-fontsize-l\">Alles zum Buch<\/h4> \n\t\t\t\t\t\t\t<\/div>\n\n\t\t\t\t\t<\/div>\n\t\t\t\t\t\t<\/div>\n\t\t\t\t<\/div>\n\t\t\t\t<div class=\"elementor-element elementor-element-3429026 color-scheme-inherit text-left elementor-widget elementor-widget-text-editor\" data-id=\"3429026\" data-element_type=\"widget\" data-e-type=\"widget\" data-widget_type=\"text-editor.default\">\n\t\t\t\t<div class=\"elementor-widget-container\">\n\t\t\t\t\t\t\t\t\t<p>\u00ab\u00a0Wuschel\u00a0\u00bb ist nicht gerade ein passender Name f\u00fcr einen in Zukunft ber\u00fchmten Detektiv, findet Victor, der kleine Schnauzermischling, der sich in einem alten Auto sein B\u00fcro eingerichtet hat. \u00dcberhaupt wird es Zeit, dass er endlich einen richtigen Fall bekommt und beweisen kann, dass er ebenso gut ist wie Sherlock Holmes! Der Fall l\u00e4sst auch wirklich nicht lange auf sich warten&#8230; Ein spannender Hundekrimi.<\/p>\n<p>Ab 8 Jahren.<\/p>\n<p>ISBN 978-3-933160-04-1<\/p>\n\t\t\t\t\t\t\t\t<\/div>\n\t\t\t\t<\/div>\n\t\t\t\t\t<\/div>\n\t\t<\/div>\n\t\t\t\t<div class=\"elementor-column elementor-col-50 elementor-top-column elementor-element elementor-element-3667589\" data-id=\"3667589\" data-element_type=\"column\" data-e-type=\"column\">\n\t\t\t<div class=\"elementor-widget-wrap elementor-element-populated\">\n\t\t\t\t\t\t<section class=\"wd-negative-gap elementor-section elementor-inner-section elementor-element elementor-element-7172141 elementor-section-content-top elementor-section-boxed elementor-section-height-default elementor-section-height-default\" data-id=\"7172141\" data-element_type=\"section\" data-e-type=\"section\">\n\t\t\t\t\t\t<div class=\"elementor-container elementor-column-gap-default\">\n\t\t\t\t\t<div class=\"elementor-column elementor-col-100 elementor-inner-column elementor-element elementor-element-7481784\" data-id=\"7481784\" data-element_type=\"column\" data-e-type=\"column\">\n\t\t\t<div class=\"elementor-widget-wrap elementor-element-populated\">\n\t\t\t\t\t\t<div class=\"elementor-element elementor-element-5498097 elementor-widget elementor-widget-wd_infobox\" data-id=\"5498097\" data-element_type=\"widget\" data-e-type=\"widget\" data-widget_type=\"wd_infobox.default\">\n\t\t\t\t<div class=\"elementor-widget-container\">\n\t\t\t\t\t\t\t<div class=\"info-box-wrapper\">\n\t\t\t<div class=\"wd-info-box text-center box-icon-align-top box-style-base color-scheme-\">\n\t\t\t\t\n\t\t\t\t<div class=\"info-box-content\">\n\t\t\t\t\t\n\t\t\t\t\t\t\t\t\t\t\t<h4\t\t\t\t\t\tclass=\"info-box-title title box-title-style-default wd-fontsize-s\" data-elementor-setting-key=\"title\">\n\t\t\t\t\t\t\t\tAutor \/-in\t\t\t\t\t\t<\/h4>\n\t\t\t\t\t\n\t\t\t\t\t<div class=\"info-box-inner reset-last-child\"data-elementor-setting-key=\"content\"><p>Bernd Weiler<\/p>\n<\/div>\n\n\t\t\t\t\t\t\t\t\t<\/div>\n\n\t\t\t\t\t\t\t\t\t<a href=\"#\" class=\"wd-info-box-link wd-fill\" aria-label=\"Infobox link\"><\/a>\n\t\t\t\t\t\t\t<\/div>\n\t\t<\/div>\n\t\t\t\t\t\t<\/div>\n\t\t\t\t<\/div>\n\t\t\t\t\t<\/div>\n\t\t<\/div>\n\t\t\t\t\t<\/div>\n\t\t<\/section>\n\t\t\t\t\t<\/div>\n\t\t<\/div>\n\t\t\t\t\t<\/div>\n\t\t<\/section>\n\t\t\t\t<\/div>\n\t\t","protected":false},"excerpt":{"rendered":"<p>160 Seiten<\/p>\n","protected":false},"featured_media":15769,"comment_status":"open","ping_status":"closed","template":"","meta":[],"product_brand":[],"product_cat":[109,101],"product_tag":[],"class_list":{"0":"post-15876","1":"product","2":"type-product","3":"status-publish","4":"has-post-thumbnail","6":"product_cat-livres-pour-enfants","7":"product_cat-toutes-les-categories","8":"product_shipping_class-nicht-mit-briefpost-versendbar-chf7","10":"first","11":"instock","12":"taxable","13":"shipping-taxable","14":"purchasable","15":"product-type-simple"},"_links":{"self":[{"href":"https:\/\/unity-schweiz.ch\/fr\/wp-json\/wp\/v2\/product\/15876","targetHints":{"allow":["GET"]}}],"collection":[{"href":"https:\/\/unity-schweiz.ch\/fr\/wp-json\/wp\/v2\/product"}],"about":[{"href":"https:\/\/unity-schweiz.ch\/fr\/wp-json\/wp\/v2\/types\/product"}],"replies":[{"embeddable":true,"href":"https:\/\/unity-schweiz.ch\/fr\/wp-json\/wp\/v2\/comments?post=15876"}],"version-history":[{"count":2,"href":"https:\/\/unity-schweiz.ch\/fr\/wp-json\/wp\/v2\/product\/15876\/revisions"}],"predecessor-version":[{"id":16226,"href":"https:\/\/unity-schweiz.ch\/fr\/wp-json\/wp\/v2\/product\/15876\/revisions\/16226"}],"wp:featuredmedia":[{"embeddable":true,"href":"https:\/\/unity-schweiz.ch\/fr\/wp-json\/wp\/v2\/media\/15769"}],"wp:attachment":[{"href":"https:\/\/unity-schweiz.ch\/fr\/wp-json\/wp\/v2\/media?parent=15876"}],"wp:term":[{"taxonomy":"product_brand","embeddable":true,"href":"https:\/\/unity-schweiz.ch\/fr\/wp-json\/wp\/v2\/product_brand?post=15876"},{"taxonomy":"product_cat","embeddable":true,"href":"https:\/\/unity-schweiz.ch\/fr\/wp-json\/wp\/v2\/product_cat?post=15876"},{"taxonomy":"product_tag","embeddable":true,"href":"https:\/\/unity-schweiz.ch\/fr\/wp-json\/wp\/v2\/product_tag?post=15876"}],"curies":[{"name":"wp","href":"https:\/\/api.w.org\/{rel}","templated":true}]}}