{"id":15090,"date":"2021-09-08T20:51:55","date_gmt":"2021-09-08T18:51:55","guid":{"rendered":"https:\/\/unity-schweiz.ch\/product\/das-grosse-ja\/"},"modified":"2021-11-03T14:13:31","modified_gmt":"2021-11-03T13:13:31","slug":"das-grosse-ja","status":"publish","type":"product","link":"https:\/\/unity-schweiz.ch\/fr\/produit\/das-grosse-ja\/","title":{"rendered":"Das grosse JA"},"content":{"rendered":"\t\t<div data-elementor-type=\"wp-post\" data-elementor-id=\"15090\" class=\"elementor elementor-15090 elementor-13697\">\n\t\t\t\t\t\t<section class=\"wd-negative-gap elementor-section elementor-top-section elementor-element elementor-element-3391358 elementor-section-content-top elementor-section-boxed elementor-section-height-default elementor-section-height-default\" data-id=\"3391358\" data-element_type=\"section\" data-e-type=\"section\">\n\t\t\t\t\t\t<div class=\"elementor-container elementor-column-gap-default\">\n\t\t\t\t\t<div class=\"elementor-column elementor-col-50 elementor-top-column elementor-element elementor-element-3639598\" data-id=\"3639598\" data-element_type=\"column\" data-e-type=\"column\">\n\t\t\t<div class=\"elementor-widget-wrap elementor-element-populated\">\n\t\t\t\t\t\t<div class=\"elementor-element elementor-element-fec4e50 wd-width-100 elementor-widget elementor-widget-wd_title\" data-id=\"fec4e50\" data-element_type=\"widget\" data-e-type=\"widget\" data-widget_type=\"wd_title.default\">\n\t\t\t\t<div class=\"elementor-widget-container\">\n\t\t\t\t\t\t\t<div class=\"title-wrapper wd-set-mb reset-last-child wd-title-color-default wd-title-style-default wd-title-size-default text-left\">\n\n\t\t\t\n\t\t\t<div class=\"liner-continer\">\n\t\t\t\t<h4 class=\"woodmart-title-container title wd-fontsize-l\">Alles zum Buch<\/h4> \n\t\t\t\t\t\t\t<\/div>\n\n\t\t\t\t\t<\/div>\n\t\t\t\t\t\t<\/div>\n\t\t\t\t<\/div>\n\t\t\t\t<div class=\"elementor-element elementor-element-3429026 color-scheme-inherit text-left elementor-widget elementor-widget-text-editor\" data-id=\"3429026\" data-element_type=\"widget\" data-e-type=\"widget\" data-widget_type=\"text-editor.default\">\n\t\t\t\t<div class=\"elementor-widget-container\">\n\t\t\t\t\t\t\t\t\t<p>Ein Wegweiser zur Selbstverwirklichung und zur Neugestaltung des Lebens. Das gro\u00dfe Ja zu uns selbst, zum Menschsein und zum Dasein, zur inneren Kraft und zur inneren F\u00fchrung, zum K\u00f6nnen und zum Schaffen, zum Guten und Sch\u00f6nen, zum Gl\u00fcck und Erfolg, zu Gesundheit und F\u00fclle, zum Vollkommenwerden und zur Selbstverwirklichung, zur Liebe und zum Einssein mit dem Ewigen. Zu diesem allverm\u00f6genden und befreienden Ja werden die Leser hier Schritt um Schritt und Hand in Hand mit den gro\u00dfen Mystikern aufw\u00e4rts gef\u00fchrt.<\/p>\n<p>168 Seiten, Hardcover, ISBN 978-3-920780-38-2<\/p>\n\t\t\t\t\t\t\t\t<\/div>\n\t\t\t\t<\/div>\n\t\t\t\t\t<\/div>\n\t\t<\/div>\n\t\t\t\t<div class=\"elementor-column elementor-col-50 elementor-top-column elementor-element elementor-element-3667589\" data-id=\"3667589\" data-element_type=\"column\" data-e-type=\"column\">\n\t\t\t<div class=\"elementor-widget-wrap elementor-element-populated\">\n\t\t\t\t\t\t<section class=\"wd-negative-gap elementor-section elementor-inner-section elementor-element elementor-element-7172141 elementor-section-content-top elementor-section-boxed elementor-section-height-default elementor-section-height-default\" data-id=\"7172141\" data-element_type=\"section\" data-e-type=\"section\">\n\t\t\t\t\t\t<div class=\"elementor-container elementor-column-gap-default\">\n\t\t\t\t\t<div class=\"elementor-column elementor-col-100 elementor-inner-column elementor-element elementor-element-7481784\" data-id=\"7481784\" data-element_type=\"column\" data-e-type=\"column\">\n\t\t\t<div class=\"elementor-widget-wrap elementor-element-populated\">\n\t\t\t\t\t\t<div class=\"elementor-element elementor-element-5498097 elementor-widget elementor-widget-wd_infobox\" data-id=\"5498097\" data-element_type=\"widget\" data-e-type=\"widget\" data-widget_type=\"wd_infobox.default\">\n\t\t\t\t<div class=\"elementor-widget-container\">\n\t\t\t\t\t\t\t<div class=\"info-box-wrapper\">\n\t\t\t<div class=\"wd-info-box text-center box-icon-align-top box-style-base color-scheme-\">\n\t\t\t\t\n\t\t\t\t<div class=\"info-box-content\">\n\t\t\t\t\t\n\t\t\t\t\t\t\t\t\t\t\t<h4\t\t\t\t\t\tclass=\"info-box-title title box-title-style-default wd-fontsize-s\" data-elementor-setting-key=\"title\">\n\t\t\t\t\t\t\t\tAutor \/-in\t\t\t\t\t\t<\/h4>\n\t\t\t\t\t\n\t\t\t\t\t<div class=\"info-box-inner reset-last-child\"data-elementor-setting-key=\"content\"><p style=\"text-align: center;\">K.O.Schmidt<\/p>\n<\/div>\n\n\t\t\t\t\t\t\t\t\t<\/div>\n\n\t\t\t\t\t\t\t\t\t<a href=\"#\" class=\"wd-info-box-link wd-fill\" aria-label=\"Infobox link\"><\/a>\n\t\t\t\t\t\t\t<\/div>\n\t\t<\/div>\n\t\t\t\t\t\t<\/div>\n\t\t\t\t<\/div>\n\t\t\t\t\t<\/div>\n\t\t<\/div>\n\t\t\t\t\t<\/div>\n\t\t<\/section>\n\t\t\t\t\t<\/div>\n\t\t<\/div>\n\t\t\t\t\t<\/div>\n\t\t<\/section>\n\t\t\t\t<\/div>\n\t\t","protected":false},"excerpt":{"rendered":"<p>168 Seiten, Hardcover<\/p>\n","protected":false},"featured_media":15091,"comment_status":"open","ping_status":"closed","template":"","meta":[],"product_brand":[],"product_cat":[106,111,105,101],"product_tag":[],"class_list":{"0":"post-15090","1":"product","2":"type-product","3":"status-publish","4":"has-post-thumbnail","6":"product_cat-philosophie-chretienne","7":"product_cat-philosophie-libre-penseur","8":"product_cat-philosophies-du-monde","9":"product_cat-toutes-les-categories","10":"product_shipping_class-nicht-mit-briefpost-versendbar-chf7","12":"first","13":"instock","14":"taxable","15":"shipping-taxable","16":"purchasable","17":"product-type-simple"},"_links":{"self":[{"href":"https:\/\/unity-schweiz.ch\/fr\/wp-json\/wp\/v2\/product\/15090","targetHints":{"allow":["GET"]}}],"collection":[{"href":"https:\/\/unity-schweiz.ch\/fr\/wp-json\/wp\/v2\/product"}],"about":[{"href":"https:\/\/unity-schweiz.ch\/fr\/wp-json\/wp\/v2\/types\/product"}],"replies":[{"embeddable":true,"href":"https:\/\/unity-schweiz.ch\/fr\/wp-json\/wp\/v2\/comments?post=15090"}],"version-history":[{"count":3,"href":"https:\/\/unity-schweiz.ch\/fr\/wp-json\/wp\/v2\/product\/15090\/revisions"}],"predecessor-version":[{"id":15473,"href":"https:\/\/unity-schweiz.ch\/fr\/wp-json\/wp\/v2\/product\/15090\/revisions\/15473"}],"wp:featuredmedia":[{"embeddable":true,"href":"https:\/\/unity-schweiz.ch\/fr\/wp-json\/wp\/v2\/media\/15091"}],"wp:attachment":[{"href":"https:\/\/unity-schweiz.ch\/fr\/wp-json\/wp\/v2\/media?parent=15090"}],"wp:term":[{"taxonomy":"product_brand","embeddable":true,"href":"https:\/\/unity-schweiz.ch\/fr\/wp-json\/wp\/v2\/product_brand?post=15090"},{"taxonomy":"product_cat","embeddable":true,"href":"https:\/\/unity-schweiz.ch\/fr\/wp-json\/wp\/v2\/product_cat?post=15090"},{"taxonomy":"product_tag","embeddable":true,"href":"https:\/\/unity-schweiz.ch\/fr\/wp-json\/wp\/v2\/product_tag?post=15090"}],"curies":[{"name":"wp","href":"https:\/\/api.w.org\/{rel}","templated":true}]}}