{"id":23269,"date":"2025-10-02T20:44:48","date_gmt":"2025-10-02T18:44:48","guid":{"rendered":"https:\/\/unity-schweiz.ch\/?page_id=23269"},"modified":"2025-12-16T17:03:15","modified_gmt":"2025-12-16T16:03:15","slug":"soutenir","status":"publish","type":"page","link":"https:\/\/unity-schweiz.ch\/fr\/soutenir\/","title":{"rendered":"Soutenir"},"content":{"rendered":"\t\t<div data-elementor-type=\"wp-page\" data-elementor-id=\"23269\" class=\"elementor elementor-23269 elementor-23268\">\n\t\t\t\t\t\t<section class=\"wd-negative-gap elementor-section elementor-top-section elementor-element elementor-element-dc0efbd elementor-section-boxed elementor-section-height-default elementor-section-height-default\" data-id=\"dc0efbd\" data-element_type=\"section\" data-e-type=\"section\" id=\"spendenformular\">\n\t\t\t\t\t\t<div class=\"elementor-container elementor-column-gap-default\">\n\t\t\t\t\t<div class=\"elementor-column elementor-col-100 elementor-top-column elementor-element elementor-element-b520c7d\" data-id=\"b520c7d\" data-element_type=\"column\" data-e-type=\"column\">\n\t\t\t<div class=\"elementor-widget-wrap elementor-element-populated\">\n\t\t\t\t\t\t<div class=\"elementor-element elementor-element-f3e97be wd-width-100 elementor-widget elementor-widget-wd_title\" data-id=\"f3e97be\" data-element_type=\"widget\" data-e-type=\"widget\" data-widget_type=\"wd_title.default\">\n\t\t\t\t<div class=\"elementor-widget-container\">\n\t\t\t\t\t\t\t<div class=\"title-wrapper wd-set-mb reset-last-child wd-title-color-default wd-title-style-default wd-title-size-large text-center\">\n\n\t\t\t\n\t\t\t<div class=\"liner-continer\">\n\t\t\t\t<h4 class=\"woodmart-title-container title wd-fontsize-xxl\">Soutenir UNITY-Suisse<\/h4> \n\t\t\t\t\t\t\t<\/div>\n\n\t\t\t\t\t<\/div>\n\t\t\t\t\t\t<\/div>\n\t\t\t\t<\/div>\n\t\t\t\t\t<\/div>\n\t\t<\/div>\n\t\t\t\t\t<\/div>\n\t\t<\/section>\n\t\t<div class=\"wd-negative-gap elementor-element elementor-element-b8d3102 e-flex e-con-boxed e-con e-parent\" data-id=\"b8d3102\" data-element_type=\"container\" data-e-type=\"container\">\n\t\t\t\t\t<div class=\"e-con-inner\">\n\t\t<div class=\"elementor-element elementor-element-6e2267d e-con-full e-flex e-con e-child\" data-id=\"6e2267d\" data-element_type=\"container\" data-e-type=\"container\">\n\t\t\t\t<div class=\"elementor-element elementor-element-b3d745b elementor-widget elementor-widget-charitable_campaign\" data-id=\"b3d745b\" data-element_type=\"widget\" data-e-type=\"widget\" data-widget_type=\"charitable_campaign.default\">\n\t\t\t\t<div class=\"elementor-widget-container\">\n\t\t\t\t\t<div class=\"charitable-campaign-wrapper\">\n\t<div class=\"charitable-campaign-wrap template-simple-1-col charitable-campaign-wrap-id-24949\">\n\n\t\t<div class=\"charitable-campaign-container\">\n\n\t\t\n\t\t\t\t\t<!-- row START -->\n\t\t\t\t\t<div id=\"charitable-template-row-0\" data-row-id=\"0\" data-row-type=\"row\" class=\"charitable-campaign-row charitable-campaign-row-type-row no-css\">\n\n\t\t\t\t\t<!-- column START --><div data-column-id=\"0\" class=\"charitable-campaign-column charitable-campaign-column-0\"><!-- section START --><div data-section-id=\"0\" data-section-type=\"fields\" class=\"section charitable-field-section\"><div class=\"charitable-campaign-field charitable-campaign-field-text charitable-campaign-field-container charitable-campaign-align-left charitable-campaign-columns-1\"><div class=\"charitable-campaign-field-inner\" style=\"width: 100%\"><div class=\"charitable-field-text\" data-field-type=\"text\">\n\t\t\t\t\t\t\t\t\t<div class=\"placeholder\"><h5 class=\"charitable-field-template-headline\">Votre don fait la diff\u00e9rence!<\/h5>\n\t\t\t\t\t\t\t\t\t\t<div class=\"charitable-campaign-builder-placeholder-template-text charitable-prevent-select\"><p>Par votre contribution, vous permettez \u00e0 l'association d'\u00e9tendre les \u00e9v\u00e9nements qu'elle peut proposer. L'\u00eatre humain est toujours au centre de nos pr\u00e9occupations. L'objectif est d'offrir des activit\u00e9s int\u00e9ressantes aux personnes de tout \u00e2ge, leur donnant ainsi la possibilit\u00e9 d'\u00e9changer et de participer activement \u00e0 la vie.<\/p>\n<p>Gr\u00e2ce \u00e0 cette solidarit\u00e9, nous souhaitons contrecarrer l'isolement croissant et donner aux gens la chance de se ressourcer en communaut\u00e9. Merci pour votre soutien!<\/p>\n<\/div>\n\t\t\t\t\t\t\t\t\t<\/div>\n\t\t\t\t\t\t\t\t<\/div><\/div><\/div><div class=\"charitable-campaign-field charitable-campaign-field-donate-button charitable-campaign-field-container charitable-campaign-align-center charitable-campaign-columns-1\"><div class=\"charitable-campaign-field-inner\" style=\"width: 100%\">\n\t\t\t<div >\n\n\t\t\t\n\t\t\t\t<div class=\"campaign-donation\">\n\t\t\t\t\t<a data-trigger-modal=\"charitable-donation-form-modal-24949\"\n\t\t\t\t\t\tdata-campaign-id=\"24949\"\n\t\t\t\t\t\tclass=\"button charitable-button donate-button button-primary\"\n\t\t\t\t\t\thref=\"https:\/\/unity-schweiz.ch\/fr\/campaigns\/formulaire-de-don\/donate\/\"\n\t\t\t\t\t\t\t\t\t\taria-label=\"Faire un don \u00e0 Formulaire de don\">\n\t\t\t\t\tFaire un don maintenant\t\t\t\t<\/a>\n\t\t\t\t<\/div>\n\n\n\t\t\t\t\n\t\t\t<\/div>\n\n\n\n\t\t\t<\/div><\/div><\/div><!-- section END -->\n\t\t\t\t\t\t\t\t<\/div>\n\n\t\t\t\t\t\t\t<!-- column END -->\n\t\t\t\t\t<\/div>\n\n\t\t\t\t\t<!-- row END -->\n\t\t\t\t\n\t\t\t\t\t<!-- row START -->\n\t\t\t\t\t<div id=\"charitable-template-row-1\" data-row-id=\"1\" data-row-type=\"row\" class=\"charitable-campaign-row charitable-campaign-row-type-row no-padding no-field-target no-field-wrap\">\n\n\t\t\t\t\t<!-- column START --><div data-column-id=\"1\" class=\"charitable-campaign-column charitable-campaign-column-1\"><!-- section START --><div data-section-id=\"0\" data-section-type=\"tabs\" class=\"section charitable-field-section\">\n\t\t\t\t\t\t\t\t\t<\/div><!-- section END -->\n\t\t\t\t\t\t\t\t<\/div>\n\n\t\t\t\t\t\t\t<!-- column END -->\n\t\t\t\t\t<\/div>\n\n\t\t\t\t\t<!-- row END -->\n\t\t\t\t\n\t\t\t<\/div>\n\t\t<\/div>\n\n\t<\/div>\t\t\t\t<\/div>\n\t\t\t\t<\/div>\n\t\t\t\t<\/div>\n\t\t<div class=\"elementor-element elementor-element-e502286 e-con-full e-flex e-con e-child\" data-id=\"e502286\" data-element_type=\"container\" data-e-type=\"container\">\n\t\t\t\t<div class=\"elementor-element elementor-element-67e47e3 elementor-widget elementor-widget-image\" data-id=\"67e47e3\" data-element_type=\"widget\" data-e-type=\"widget\" data-widget_type=\"image.default\">\n\t\t\t\t<div class=\"elementor-widget-container\">\n\t\t\t\t\t\t\t\t\t\t\t\t\t\t\t<img decoding=\"async\" width=\"700\" height=\"1022\" src=\"https:\/\/unity-schweiz.ch\/wp-content\/uploads\/2025\/09\/UNITY-Schweiz-Grundsaetze.png\" class=\"attachment-large size-large wp-image-23254\" alt=\"\" srcset=\"https:\/\/unity-schweiz.ch\/wp-content\/uploads\/2025\/09\/UNITY-Schweiz-Grundsaetze.png 700w, https:\/\/unity-schweiz.ch\/wp-content\/uploads\/2025\/09\/UNITY-Schweiz-Grundsaetze-205x300.png 205w, https:\/\/unity-schweiz.ch\/wp-content\/uploads\/2025\/09\/UNITY-Schweiz-Grundsaetze-150x219.png 150w\" sizes=\"(max-width: 700px) 100vw, 700px\" \/>\t\t\t\t\t\t\t\t\t\t\t\t\t\t\t<\/div>\n\t\t\t\t<\/div>\n\t\t\t\t<\/div>\n\t\t\t\t\t<\/div>\n\t\t\t\t<\/div>\n\t\t\t\t<section class=\"wd-negative-gap elementor-section elementor-top-section elementor-element elementor-element-35d97f1 elementor-section-boxed elementor-section-height-default elementor-section-height-default\" data-id=\"35d97f1\" data-element_type=\"section\" data-e-type=\"section\">\n\t\t\t\t\t\t<div class=\"elementor-container elementor-column-gap-default\">\n\t\t\t\t\t<div class=\"elementor-column elementor-col-100 elementor-top-column elementor-element elementor-element-d60e14c\" data-id=\"d60e14c\" data-element_type=\"column\" data-e-type=\"column\">\n\t\t\t<div class=\"elementor-widget-wrap elementor-element-populated\">\n\t\t\t\t\t\t<div class=\"elementor-element elementor-element-635bf70 wd-width-100 elementor-widget elementor-widget-wd_title\" data-id=\"635bf70\" data-element_type=\"widget\" data-e-type=\"widget\" data-widget_type=\"wd_title.default\">\n\t\t\t\t<div class=\"elementor-widget-container\">\n\t\t\t\t\t\t\t<div class=\"title-wrapper wd-set-mb reset-last-child wd-title-color-primary wd-title-style-bordered wd-title-size-default text-center\">\n\n\t\t\t\t\t\t\t\t\t\t\t<div class=\"title-subtitle subtitle-color-primary subtitle-style-default wd-fontsize-xs\">\n\t\t\t\t\tDevenez actif\t\t\t\t<\/div>\n\t\t\t\n\t\t\t<div class=\"liner-continer\">\n\t\t\t\t<h4 class=\"woodmart-title-container title wd-fontsize-l\">Souhaitez-vous participer?<\/h4> \n\t\t\t\t\t\t\t<\/div>\n\n\t\t\t\t\t<\/div>\n\t\t\t\t\t\t<\/div>\n\t\t\t\t<\/div>\n\t\t\t\t<section class=\"wd-negative-gap elementor-section elementor-inner-section elementor-element elementor-element-67173da elementor-section-boxed elementor-section-height-default elementor-section-height-default\" data-id=\"67173da\" data-element_type=\"section\" data-e-type=\"section\">\n\t\t\t\t\t\t<div class=\"elementor-container elementor-column-gap-extended\">\n\t\t\t\t\t<div class=\"elementor-column elementor-col-33 elementor-inner-column elementor-element elementor-element-3cc3a07\" data-id=\"3cc3a07\" data-element_type=\"column\" data-e-type=\"column\">\n\t\t\t<div class=\"elementor-widget-wrap elementor-element-populated\">\n\t\t\t\t\t\t<div class=\"elementor-element elementor-element-402be43 elementor-widget elementor-widget-wd_infobox\" data-id=\"402be43\" data-element_type=\"widget\" data-e-type=\"widget\" data-widget_type=\"wd_infobox.default\">\n\t\t\t\t<div class=\"elementor-widget-container\">\n\t\t\t\t\t\t\t<div class=\"info-box-wrapper\">\n\t\t\t<div class=\"wd-info-box text-center box-icon-align-top box-style-shadow color-scheme- with-btn box-btn-static\">\n\t\t\t\t\n\t\t\t\t<div class=\"info-box-content\">\n\t\t\t\t\t\n\t\t\t\t\t\t\t\t\t\t\t<h4\t\t\t\t\t\tclass=\"info-box-title title box-title-style-default wd-fontsize-m\" data-elementor-setting-key=\"title\">\n\t\t\t\t\t\t\t\t\u00catre pr\u00e9sent\t\t\t\t\t\t<\/h4>\n\t\t\t\t\t\n\t\t\t\t\t<div class=\"info-box-inner reset-last-child\"data-elementor-setting-key=\"content\"><p>Rejoignez-nous et faites partie de la communaut\u00e9 (CommUNITY). \u00c9changez avec nous, laissez-vous inspirer et\/ou apportez vos id\u00e9es. Nous nous r\u00e9jouissons de vous accueillir!<\/p>\n<\/div>\n\n\t\t\t\t\t\t\t\t\t\t\t<div class=\"info-btn-wrapper\">\n\t\t\t\t\t\t\t\t\t<div class=\"wd-button-wrapper text-center\" >\n\t\t\t<a class=\"btn btn-style-default btn-shape-rectangle btn-size-small btn-color-primary btn-icon-pos-right\"  href=\"https:\/\/unity-schweiz.ch\/fr\/adherer\/\">\n\t\t\t\t<span class=\"wd-btn-text\" data-elementor-setting-key=\"text\">\n\t\t\t\t\tDevenez membre\t\t\t\t<\/span>\n\n\t\t\t\t\t\t\t<\/a>\n\t\t<\/div>\n\t\t\t\t\t\t\t\t<\/div>\n\t\t\t\t\t\t\t\t\t<\/div>\n\n\t\t\t\t\t\t\t<\/div>\n\t\t<\/div>\n\t\t\t\t\t\t<\/div>\n\t\t\t\t<\/div>\n\t\t\t\t\t<\/div>\n\t\t<\/div>\n\t\t\t\t<div class=\"elementor-column elementor-col-33 elementor-inner-column elementor-element elementor-element-021972f\" data-id=\"021972f\" data-element_type=\"column\" data-e-type=\"column\">\n\t\t\t<div class=\"elementor-widget-wrap elementor-element-populated\">\n\t\t\t\t\t\t<div class=\"elementor-element elementor-element-9031b1a elementor-widget elementor-widget-wd_infobox\" data-id=\"9031b1a\" data-element_type=\"widget\" data-e-type=\"widget\" data-widget_type=\"wd_infobox.default\">\n\t\t\t\t<div class=\"elementor-widget-container\">\n\t\t\t\t\t\t\t<div class=\"info-box-wrapper\">\n\t\t\t<div class=\"wd-info-box text-center box-icon-align-top box-style-shadow color-scheme- with-btn box-btn-static\">\n\t\t\t\t\n\t\t\t\t<div class=\"info-box-content\">\n\t\t\t\t\t\n\t\t\t\t\t\t\t\t\t\t\t<h4\t\t\t\t\t\tclass=\"info-box-title title box-title-style-default wd-fontsize-m\" data-elementor-setting-key=\"title\">\n\t\t\t\t\t\t\t\tParticipez\t\t\t\t\t\t<\/h4>\n\t\t\t\t\t\n\t\t\t\t\t<div class=\"info-box-inner reset-last-child\"data-elementor-setting-key=\"content\"><p>Inscrivez-vous et informez-nous si vous avez envie de partager avec la CommUNITY. \u00c7a peut par exemple \u00eatre une heure de yoga ou une bonne id\u00e9e.<\/p>\n<\/div>\n\n\t\t\t\t\t\t\t\t\t\t\t<div class=\"info-btn-wrapper\">\n\t\t\t\t\t\t\t\t\t<div class=\"wd-button-wrapper text-center\" >\n\t\t\t<a class=\"btn btn-style-default btn-shape-rectangle btn-size-small btn-color-primary btn-icon-pos-right\"  href=\"https:\/\/unity-schweiz.ch\/fr\/contact\/\">\n\t\t\t\t<span class=\"wd-btn-text\" data-elementor-setting-key=\"text\">\n\t\t\t\t\tPartager quelque chose\t\t\t\t<\/span>\n\n\t\t\t\t\t\t\t<\/a>\n\t\t<\/div>\n\t\t\t\t\t\t\t\t<\/div>\n\t\t\t\t\t\t\t\t\t<\/div>\n\n\t\t\t\t\t\t\t<\/div>\n\t\t<\/div>\n\t\t\t\t\t\t<\/div>\n\t\t\t\t<\/div>\n\t\t\t\t\t<\/div>\n\t\t<\/div>\n\t\t\t\t<div class=\"elementor-column elementor-col-33 elementor-inner-column elementor-element elementor-element-dd6fa89\" data-id=\"dd6fa89\" data-element_type=\"column\" data-e-type=\"column\">\n\t\t\t<div class=\"elementor-widget-wrap elementor-element-populated\">\n\t\t\t\t\t\t<div class=\"elementor-element elementor-element-0c2c868 elementor-widget elementor-widget-wd_infobox\" data-id=\"0c2c868\" data-element_type=\"widget\" data-e-type=\"widget\" data-widget_type=\"wd_infobox.default\">\n\t\t\t\t<div class=\"elementor-widget-container\">\n\t\t\t\t\t\t\t<div class=\"info-box-wrapper\">\n\t\t\t<div class=\"wd-info-box text-center box-icon-align-top box-style-shadow color-scheme- with-btn box-btn-static\">\n\t\t\t\t\n\t\t\t\t<div class=\"info-box-content\">\n\t\t\t\t\t\n\t\t\t\t\t\t\t\t\t\t\t<h4\t\t\t\t\t\tclass=\"info-box-title title box-title-style-default wd-fontsize-m\" data-elementor-setting-key=\"title\">\n\t\t\t\t\t\t\t\tSoutenez-nous\t\t\t\t\t\t<\/h4>\n\t\t\t\t\t\n\t\t\t\t\t<div class=\"info-box-inner reset-last-child\"data-elementor-setting-key=\"content\"><p>Soutenez les projets qui nous tiennent \u00e0 c\u0153ur. Aidez-nous \u00e0 faire \u00e9merger le Bien. Nous mettons en \u0153uvre nos moyens judicieusement et durablement.<\/p>\n<\/div>\n\n\t\t\t\t\t\t\t\t\t\t\t<div class=\"info-btn-wrapper\">\n\t\t\t\t\t\t\t\t\t<div class=\"wd-button-wrapper text-center\" >\n\t\t\t<a class=\"btn btn-style-default btn-shape-rectangle btn-size-small btn-color-primary btn-icon-pos-right\"  href=\"https:\/\/unity-schweiz.ch\/fr\/?page_id=23269\">\n\t\t\t\t<span class=\"wd-btn-text\" data-elementor-setting-key=\"text\">\n\t\t\t\t\tFaire un don maintenant\t\t\t\t<\/span>\n\n\t\t\t\t\t\t\t<\/a>\n\t\t<\/div>\n\t\t\t\t\t\t\t\t<\/div>\n\t\t\t\t\t\t\t\t\t<\/div>\n\n\t\t\t\t\t\t\t<\/div>\n\t\t<\/div>\n\t\t\t\t\t\t<\/div>\n\t\t\t\t<\/div>\n\t\t\t\t\t<\/div>\n\t\t<\/div>\n\t\t\t\t\t<\/div>\n\t\t<\/section>\n\t\t\t\t\t<\/div>\n\t\t<\/div>\n\t\t\t\t\t<\/div>\n\t\t<\/section>\n\t\t\t\t<section class=\"wd-negative-gap elementor-section elementor-top-section elementor-element elementor-element-63b0682b elementor-section-content-middle elementor-section-stretched elementor-section-boxed elementor-section-height-default elementor-section-height-default\" data-id=\"63b0682b\" data-element_type=\"section\" data-e-type=\"section\" data-settings=\"{&quot;background_background&quot;:&quot;classic&quot;,&quot;stretch_section&quot;:&quot;section-stretched&quot;,&quot;shape_divider_top&quot;:&quot;waves&quot;,&quot;shape_divider_bottom&quot;:&quot;waves&quot;}\">\n\t\t\t\t\t<div class=\"elementor-shape elementor-shape-top\" aria-hidden=\"true\" data-negative=\"false\">\n\t\t\t<svg xmlns=\"http:\/\/www.w3.org\/2000\/svg\" viewBox=\"0 0 1000 100\" preserveAspectRatio=\"none\">\n\t<path class=\"elementor-shape-fill\" d=\"M421.9,6.5c22.6-2.5,51.5,0.4,75.5,5.3c23.6,4.9,70.9,23.5,100.5,35.7c75.8,32.2,133.7,44.5,192.6,49.7\n\tc23.6,2.1,48.7,3.5,103.4-2.5c54.7-6,106.2-25.6,106.2-25.6V0H0v30.3c0,0,72,32.6,158.4,30.5c39.2-0.7,92.8-6.7,134-22.4\n\tc21.2-8.1,52.2-18.2,79.7-24.2C399.3,7.9,411.6,7.5,421.9,6.5z\"\/>\n<\/svg>\t\t<\/div>\n\t\t\t\t<div class=\"elementor-shape elementor-shape-bottom\" aria-hidden=\"true\" data-negative=\"false\">\n\t\t\t<svg xmlns=\"http:\/\/www.w3.org\/2000\/svg\" viewBox=\"0 0 1000 100\" preserveAspectRatio=\"none\">\n\t<path class=\"elementor-shape-fill\" d=\"M421.9,6.5c22.6-2.5,51.5,0.4,75.5,5.3c23.6,4.9,70.9,23.5,100.5,35.7c75.8,32.2,133.7,44.5,192.6,49.7\n\tc23.6,2.1,48.7,3.5,103.4-2.5c54.7-6,106.2-25.6,106.2-25.6V0H0v30.3c0,0,72,32.6,158.4,30.5c39.2-0.7,92.8-6.7,134-22.4\n\tc21.2-8.1,52.2-18.2,79.7-24.2C399.3,7.9,411.6,7.5,421.9,6.5z\"\/>\n<\/svg>\t\t<\/div>\n\t\t\t\t\t<div class=\"elementor-container elementor-column-gap-default\">\n\t\t\t\t\t<div class=\"elementor-column elementor-col-25 elementor-top-column elementor-element elementor-element-6e2b6647\" data-id=\"6e2b6647\" data-element_type=\"column\" data-e-type=\"column\">\n\t\t\t<div class=\"elementor-widget-wrap elementor-element-populated\">\n\t\t\t\t\t\t<div class=\"elementor-element elementor-element-5dc5dfa2 wd-width-100 elementor-widget elementor-widget-wd_title\" data-id=\"5dc5dfa2\" data-element_type=\"widget\" data-e-type=\"widget\" data-widget_type=\"wd_title.default\">\n\t\t\t\t<div class=\"elementor-widget-container\">\n\t\t\t\t\t\t\t<div class=\"title-wrapper wd-set-mb reset-last-child wd-title-color-default wd-title-style-default wd-title-size-large text-center\">\n\n\t\t\t\n\t\t\t<div class=\"liner-continer\">\n\t\t\t\t<h4 class=\"woodmart-title-container title wd-fontsize-xxl\">Inscrivez-vous \u00e0 la Newsletter et recevez Good-News et Reminder pour nos \u00e9v\u00e9nements<\/h4> \n\t\t\t\t\t\t\t<\/div>\n\n\t\t\t\t\t<\/div>\n\t\t\t\t\t\t<\/div>\n\t\t\t\t<\/div>\n\t\t\t\t\t<\/div>\n\t\t<\/div>\n\t\t\t\t<div class=\"elementor-column elementor-col-25 elementor-top-column elementor-element elementor-element-656a1b02 color-scheme-light\" data-id=\"656a1b02\" data-element_type=\"column\" data-e-type=\"column\">\n\t\t\t<div class=\"elementor-widget-wrap\">\n\t\t\t\t\t\t\t<\/div>\n\t\t<\/div>\n\t\t\t\t<div class=\"elementor-column elementor-col-25 elementor-top-column elementor-element elementor-element-cfa901d color-scheme-light\" data-id=\"cfa901d\" data-element_type=\"column\" data-e-type=\"column\">\n\t\t\t<div class=\"elementor-widget-wrap elementor-element-populated\">\n\t\t\t\t\t\t<div class=\"elementor-element elementor-element-f1acd40 wd-cf7 elementor-widget elementor-widget-wd_contact_form_7\" data-id=\"f1acd40\" data-element_type=\"widget\" data-e-type=\"widget\" data-widget_type=\"wd_contact_form_7.default\">\n\t\t\t\t<div class=\"elementor-widget-container\">\n\t\t\t\t\t\n<div class=\"wpcf7 no-js\" id=\"wpcf7-f8-o1\" lang=\"de-DE\" dir=\"ltr\" data-wpcf7-id=\"8\">\n<div class=\"screen-reader-response\"><p role=\"status\" aria-live=\"polite\" aria-atomic=\"true\"><\/p> <ul><\/ul><\/div>\n<form action=\"\/fr\/wp-json\/wp\/v2\/pages\/23269#wpcf7-f8-o1\" method=\"post\" class=\"wpcf7-form init wd-style-with-bg\" aria-label=\"Kontaktformular\" novalidate=\"novalidate\" data-status=\"init\">\n<fieldset class=\"hidden-fields-container\"><input type=\"hidden\" name=\"_wpcf7\" value=\"8\" \/><input type=\"hidden\" name=\"_wpcf7_version\" value=\"6.1.5\" \/><input type=\"hidden\" name=\"_wpcf7_locale\" value=\"de_DE\" \/><input type=\"hidden\" name=\"_wpcf7_unit_tag\" value=\"wpcf7-f8-o1\" \/><input type=\"hidden\" name=\"_wpcf7_container_post\" value=\"0\" \/><input type=\"hidden\" name=\"_wpcf7_posted_data_hash\" value=\"\" \/><input type=\"hidden\" name=\"_wpcf7_recaptcha_response\" value=\"\" \/>\n<\/fieldset>\n<p><label> Deine Email<br \/>\n<span class=\"wpcf7-form-control-wrap\" data-name=\"your-email\"><input size=\"40\" maxlength=\"400\" class=\"wpcf7-form-control wpcf7-email wpcf7-validates-as-required wpcf7-text wpcf7-validates-as-email\" aria-required=\"true\" aria-invalid=\"false\" value=\"\" type=\"email\" name=\"your-email\" \/><\/span> <\/label>\n<\/p>\n<p><input class=\"wpcf7-form-control wpcf7-submit has-spinner\" type=\"submit\" value=\"Jetzt anmelden\" \/>\n<\/p><div class=\"wpcf7-response-output\" aria-hidden=\"true\"><\/div>\n<\/form>\n<\/div>\n\t\t\t\t<\/div>\n\t\t\t\t<\/div>\n\t\t\t\t\t<\/div>\n\t\t<\/div>\n\t\t\t\t<div class=\"elementor-column elementor-col-25 elementor-top-column elementor-element elementor-element-012f627 color-scheme-light\" data-id=\"012f627\" data-element_type=\"column\" data-e-type=\"column\">\n\t\t\t<div class=\"elementor-widget-wrap\">\n\t\t\t\t\t\t\t<\/div>\n\t\t<\/div>\n\t\t\t\t\t<\/div>\n\t\t<\/section>\n\t\t\t\t<\/div>\n\t\t","protected":false},"excerpt":{"rendered":"<p>Soutenir UNITY-Suisse Votre don fait la diff\u00e9rence! Par votre contribution, vous permettez \u00e0 l&rsquo;association d&rsquo;\u00e9tendre les \u00e9v\u00e9nements qu&rsquo;elle peut proposer.<\/p>\n","protected":false},"author":1,"featured_media":0,"parent":0,"menu_order":0,"comment_status":"closed","ping_status":"closed","template":"","meta":{"footnotes":""},"class_list":["post-23269","page","type-page","status-publish","hentry"],"_links":{"self":[{"href":"https:\/\/unity-schweiz.ch\/fr\/wp-json\/wp\/v2\/pages\/23269","targetHints":{"allow":["GET"]}}],"collection":[{"href":"https:\/\/unity-schweiz.ch\/fr\/wp-json\/wp\/v2\/pages"}],"about":[{"href":"https:\/\/unity-schweiz.ch\/fr\/wp-json\/wp\/v2\/types\/page"}],"author":[{"embeddable":true,"href":"https:\/\/unity-schweiz.ch\/fr\/wp-json\/wp\/v2\/users\/1"}],"replies":[{"embeddable":true,"href":"https:\/\/unity-schweiz.ch\/fr\/wp-json\/wp\/v2\/comments?post=23269"}],"version-history":[{"count":9,"href":"https:\/\/unity-schweiz.ch\/fr\/wp-json\/wp\/v2\/pages\/23269\/revisions"}],"predecessor-version":[{"id":25170,"href":"https:\/\/unity-schweiz.ch\/fr\/wp-json\/wp\/v2\/pages\/23269\/revisions\/25170"}],"wp:attachment":[{"href":"https:\/\/unity-schweiz.ch\/fr\/wp-json\/wp\/v2\/media?parent=23269"}],"curies":[{"name":"wp","href":"https:\/\/api.w.org\/{rel}","templated":true}]}}