{"id":18297,"date":"2025-10-02T20:49:44","date_gmt":"2025-10-02T18:49:44","guid":{"rendered":"https:\/\/unity-schweiz.ch\/?page_id=18297"},"modified":"2025-12-16T16:59:38","modified_gmt":"2025-12-16T15:59:38","slug":"groupes","status":"publish","type":"page","link":"https:\/\/unity-schweiz.ch\/fr\/groupes\/","title":{"rendered":"Groupes UNITY-Suisse"},"content":{"rendered":"\t\t<div data-elementor-type=\"wp-page\" data-elementor-id=\"18297\" class=\"elementor elementor-18297 elementor-18296\">\n\t\t\t\t\t\t<section class=\"wd-negative-gap elementor-section elementor-top-section elementor-element elementor-element-e189341 elementor-section-boxed elementor-section-height-default elementor-section-height-default\" data-id=\"e189341\" data-element_type=\"section\" data-e-type=\"section\">\n\t\t\t\t\t\t<div class=\"elementor-container elementor-column-gap-default\">\n\t\t\t\t\t<div class=\"elementor-column elementor-col-33 elementor-top-column elementor-element elementor-element-a9b208f\" data-id=\"a9b208f\" data-element_type=\"column\" data-e-type=\"column\">\n\t\t\t<div class=\"elementor-widget-wrap\">\n\t\t\t\t\t\t\t<\/div>\n\t\t<\/div>\n\t\t\t\t<div class=\"elementor-column elementor-col-33 elementor-top-column elementor-element elementor-element-9246ffb\" data-id=\"9246ffb\" data-element_type=\"column\" data-e-type=\"column\">\n\t\t\t<div class=\"elementor-widget-wrap elementor-element-populated\">\n\t\t\t\t\t\t<div class=\"elementor-element elementor-element-b79ec88 wd-width-100 elementor-widget elementor-widget-wd_title\" data-id=\"b79ec88\" data-element_type=\"widget\" data-e-type=\"widget\" data-widget_type=\"wd_title.default\">\n\t\t\t\t<div class=\"elementor-widget-container\">\n\t\t\t\t\t\t\t<div class=\"title-wrapper wd-set-mb reset-last-child wd-title-color-default wd-title-style-default wd-title-size-default text-left\">\n\n\t\t\t\n\t\t\t<div class=\"liner-continer\">\n\t\t\t\t<h4 class=\"woodmart-title-container title wd-fontsize-l\">Groupes UNITY-Suisse<\/h4> \n\t\t\t\t\t\t\t<\/div>\n\n\t\t\t\t\t<\/div>\n\t\t\t\t\t\t<\/div>\n\t\t\t\t<\/div>\n\t\t\t\t\t<\/div>\n\t\t<\/div>\n\t\t\t\t<div class=\"elementor-column elementor-col-33 elementor-top-column elementor-element elementor-element-d73c45d\" data-id=\"d73c45d\" data-element_type=\"column\" data-e-type=\"column\">\n\t\t\t<div class=\"elementor-widget-wrap\">\n\t\t\t\t\t\t\t<\/div>\n\t\t<\/div>\n\t\t\t\t\t<\/div>\n\t\t<\/section>\n\t\t\t\t<section class=\"wd-negative-gap elementor-section elementor-top-section elementor-element elementor-element-9418316 elementor-section-boxed elementor-section-height-default elementor-section-height-default\" data-id=\"9418316\" data-element_type=\"section\" data-e-type=\"section\">\n\t\t\t\t\t\t<div class=\"elementor-container elementor-column-gap-default\">\n\t\t\t\t\t<div class=\"elementor-column elementor-col-33 elementor-top-column elementor-element elementor-element-aa6eee0\" data-id=\"aa6eee0\" data-element_type=\"column\" data-e-type=\"column\">\n\t\t\t<div class=\"elementor-widget-wrap\">\n\t\t\t\t\t\t\t<\/div>\n\t\t<\/div>\n\t\t\t\t<div class=\"elementor-column elementor-col-33 elementor-top-column elementor-element elementor-element-2147423\" data-id=\"2147423\" data-element_type=\"column\" data-e-type=\"column\">\n\t\t\t<div class=\"elementor-widget-wrap elementor-element-populated\">\n\t\t\t\t\t\t<div class=\"elementor-element elementor-element-c9f1268 color-scheme-inherit text-left elementor-widget elementor-widget-text-editor\" data-id=\"c9f1268\" data-element_type=\"widget\" data-e-type=\"widget\" data-widget_type=\"text-editor.default\">\n\t\t\t\t<div class=\"elementor-widget-container\">\n\t\t\t\t\t\t\t\t\t<p>UNITY-Suisse op\u00e8re dans toute la Suisse. Vous trouverez ici tous les groupes existants \u00e0 ce jour. Si vous \u00eates int\u00e9ress\u00e9s, vous pouvez facilement prendre contact avec les responsables de ces groupes.<\/p>\n\t\t\t\t\t\t\t\t<\/div>\n\t\t\t\t<\/div>\n\t\t\t\t\t<\/div>\n\t\t<\/div>\n\t\t\t\t<div class=\"elementor-column elementor-col-33 elementor-top-column elementor-element elementor-element-0a610dc\" data-id=\"0a610dc\" data-element_type=\"column\" data-e-type=\"column\">\n\t\t\t<div class=\"elementor-widget-wrap\">\n\t\t\t\t\t\t\t<\/div>\n\t\t<\/div>\n\t\t\t\t\t<\/div>\n\t\t<\/section>\n\t\t\t\t<section class=\"wd-negative-gap elementor-section elementor-top-section elementor-element elementor-element-46675bf elementor-section-boxed elementor-section-height-default elementor-section-height-default\" data-id=\"46675bf\" data-element_type=\"section\" data-e-type=\"section\">\n\t\t\t\t\t\t<div class=\"elementor-container elementor-column-gap-default\">\n\t\t\t\t\t<div class=\"elementor-column elementor-col-100 elementor-top-column elementor-element elementor-element-d38f027\" data-id=\"d38f027\" data-element_type=\"column\" data-e-type=\"column\">\n\t\t\t<div class=\"elementor-widget-wrap elementor-element-populated\">\n\t\t\t\t\t\t<div class=\"elementor-element elementor-element-a5cf6a6 wd-width-100 elementor-widget elementor-widget-wd_title\" data-id=\"a5cf6a6\" data-element_type=\"widget\" data-e-type=\"widget\" data-widget_type=\"wd_title.default\">\n\t\t\t\t<div class=\"elementor-widget-container\">\n\t\t\t\t\t\t\t<div class=\"title-wrapper wd-set-mb reset-last-child wd-title-color-default wd-title-style-default wd-title-size-default text-center\">\n\n\t\t\t\n\t\t\t<div class=\"liner-continer\">\n\t\t\t\t<h4 class=\"woodmart-title-container title wd-fontsize-l\">C'est ici que la CommUNITY se r\u00e9unit:<\/h4> \n\t\t\t\t\t\t\t<\/div>\n\n\t\t\t\t\t<\/div>\n\t\t\t\t\t\t<\/div>\n\t\t\t\t<\/div>\n\t\t\t\t\t<\/div>\n\t\t<\/div>\n\t\t\t\t\t<\/div>\n\t\t<\/section>\n\t\t\t\t<section class=\"wd-negative-gap elementor-section elementor-top-section elementor-element elementor-element-e8347e4 elementor-section-boxed elementor-section-height-default elementor-section-height-default\" data-id=\"e8347e4\" data-element_type=\"section\" data-e-type=\"section\">\n\t\t\t\t\t\t<div class=\"elementor-container elementor-column-gap-default\">\n\t\t\t\t\t<div class=\"elementor-column elementor-col-100 elementor-top-column elementor-element elementor-element-03c29e5\" data-id=\"03c29e5\" data-element_type=\"column\" data-e-type=\"column\">\n\t\t\t<div class=\"elementor-widget-wrap elementor-element-populated\">\n\t\t\t\t\t\t<div class=\"elementor-element elementor-element-4dfa2e4 elementor-tabs-view-horizontal elementor-widget elementor-widget-tabs\" data-id=\"4dfa2e4\" data-element_type=\"widget\" data-e-type=\"widget\" data-widget_type=\"tabs.default\">\n\t\t\t\t<div class=\"elementor-widget-container\">\n\t\t\t\t\t\t\t<div class=\"elementor-tabs\">\n\t\t\t<div class=\"elementor-tabs-wrapper\" role=\"tablist\" >\n\t\t\t\t\t\t\t\t\t<div id=\"elementor-tab-title-8171\" class=\"elementor-tab-title elementor-tab-desktop-title\" aria-selected=\"true\" data-tab=\"1\" role=\"tab\" tabindex=\"0\" aria-controls=\"elementor-tab-content-8171\" aria-expanded=\"false\">Aarau<\/div>\n\t\t\t\t\t\t\t\t\t<div id=\"elementor-tab-title-8172\" class=\"elementor-tab-title elementor-tab-desktop-title\" aria-selected=\"false\" data-tab=\"2\" role=\"tab\" tabindex=\"-1\" aria-controls=\"elementor-tab-content-8172\" aria-expanded=\"false\">B\u00e2le<\/div>\n\t\t\t\t\t\t\t\t\t<div id=\"elementor-tab-title-8173\" class=\"elementor-tab-title elementor-tab-desktop-title\" aria-selected=\"false\" data-tab=\"3\" role=\"tab\" tabindex=\"-1\" aria-controls=\"elementor-tab-content-8173\" aria-expanded=\"false\">Berne<\/div>\n\t\t\t\t\t\t\t\t\t<div id=\"elementor-tab-title-8174\" class=\"elementor-tab-title elementor-tab-desktop-title\" aria-selected=\"false\" data-tab=\"4\" role=\"tab\" tabindex=\"-1\" aria-controls=\"elementor-tab-content-8174\" aria-expanded=\"false\">Lucerne<\/div>\n\t\t\t\t\t\t\t\t\t<div id=\"elementor-tab-title-8175\" class=\"elementor-tab-title elementor-tab-desktop-title\" aria-selected=\"false\" data-tab=\"5\" role=\"tab\" tabindex=\"-1\" aria-controls=\"elementor-tab-content-8175\" aria-expanded=\"false\">Saint-Gall<\/div>\n\t\t\t\t\t\t\t\t\t<div id=\"elementor-tab-title-8176\" class=\"elementor-tab-title elementor-tab-desktop-title\" aria-selected=\"false\" data-tab=\"6\" role=\"tab\" tabindex=\"-1\" aria-controls=\"elementor-tab-content-8176\" aria-expanded=\"false\">Zurich<\/div>\n\t\t\t\t\t\t\t<\/div>\n\t\t\t<div class=\"elementor-tabs-content-wrapper\" role=\"tablist\" aria-orientation=\"vertical\">\n\t\t\t\t\t\t\t\t\t<div class=\"elementor-tab-title elementor-tab-mobile-title\" aria-selected=\"true\" data-tab=\"1\" role=\"tab\" tabindex=\"0\" aria-controls=\"elementor-tab-content-8171\" aria-expanded=\"false\">Aarau<\/div>\n\t\t\t\t\t<div id=\"elementor-tab-content-8171\" class=\"elementor-tab-content elementor-clearfix\" data-tab=\"1\" role=\"tabpanel\" aria-labelledby=\"elementor-tab-title-8171\" tabindex=\"0\" hidden=\"false\"><p>Adresse: Aarau<\/p>\n<p>Contact: Silvia Schlatter Schenker<\/p>\n<p>T\u00e9l\u00e9phone: <a style=\"color: #2b73b5;\" href=\"tel:+41 62 824 16 14\">062 824 16 14<\/a><\/p>\n<p>Email: <a style=\"color: #2b73b5;\" href=\"mailto: silviamar-12@hotmail.com\">silviamar-12@hotmail.com<\/a><\/p>\n<p><strong>Info:<\/strong><\/p>\n<p>Les amis d&rsquo;UNITY se r\u00e9unissent r\u00e9guli\u00e8rement un jeudi \u00e0 19 heures, les prochaines dates sont le 17 novembre et le 15 d\u00e9cembre 2022.<\/p>\n<\/div>\n\t\t\t\t\t\t\t\t\t<div class=\"elementor-tab-title elementor-tab-mobile-title\" aria-selected=\"false\" data-tab=\"2\" role=\"tab\" tabindex=\"-1\" aria-controls=\"elementor-tab-content-8172\" aria-expanded=\"false\">B\u00e2le<\/div>\n\t\t\t\t\t<div id=\"elementor-tab-content-8172\" class=\"elementor-tab-content elementor-clearfix\" data-tab=\"2\" role=\"tabpanel\" aria-labelledby=\"elementor-tab-title-8172\" tabindex=\"0\" hidden=\"hidden\"><p>\u00a0<\/p>\n<p>Adresse: B\u00fctzenenweg 24, 4450 Sissach<\/p>\n<p>Contact: Markus Fricker<\/p>\n<p>T\u00e9l\u00e9phone: <a style=\"color: #2b73b5;\" href=\"tel:+41 61 411 82 26\">061 411 82 26<\/a><\/p>\n<p>Email: <a style=\"color: #2b73b5;\" href=\"mailto:info@unity-schweiz.ch\">info@unity-schweiz.ch<\/a><\/p>\n<p>\u00a0<\/p>\n<p><strong>Info:<\/strong><\/p>\n<p>Les amis d&rsquo;UNITY se rencontrent r\u00e9guli\u00e8rement, Monsieur Fricker se fera un plaisir de vous renseigner sur le lieu et la date des rencontres.<\/p>\n<\/div>\n\t\t\t\t\t\t\t\t\t<div class=\"elementor-tab-title elementor-tab-mobile-title\" aria-selected=\"false\" data-tab=\"3\" role=\"tab\" tabindex=\"-1\" aria-controls=\"elementor-tab-content-8173\" aria-expanded=\"false\">Berne<\/div>\n\t\t\t\t\t<div id=\"elementor-tab-content-8173\" class=\"elementor-tab-content elementor-clearfix\" data-tab=\"3\" role=\"tabpanel\" aria-labelledby=\"elementor-tab-title-8173\" tabindex=\"0\" hidden=\"hidden\"><p>Adresse: K\u00f6nigweg 1A, 3006 Bern<\/p>\n<p>Contact: Sekretariat<\/p>\n<p>T\u00e9l\u00e9phone: <a style=\"color: #2b73b5;\" href=\"tel:+41 31 351 40 38\">031 351 40 38<\/a><\/p>\n<p>Email: <a style=\"color: #2b73b5;\" href=\"mailto:info@unity-schweiz.ch\">info@unity-schweiz.ch<\/a><\/p>\n<p><strong>Info:<\/strong><\/p>\n<p>Le secr\u00e9tariat d&rsquo;UNITY-Suisse se trouve \u00e0 Berne. Vous trouverez toutes les manifestations pr\u00e9vues ici sur notre page d&rsquo;accueil sous Events &amp; Actualit\u00e9s. Nous nous r\u00e9jouissons de vous accueillir.<\/p>\n<\/div>\n\t\t\t\t\t\t\t\t\t<div class=\"elementor-tab-title elementor-tab-mobile-title\" aria-selected=\"false\" data-tab=\"4\" role=\"tab\" tabindex=\"-1\" aria-controls=\"elementor-tab-content-8174\" aria-expanded=\"false\">Lucerne<\/div>\n\t\t\t\t\t<div id=\"elementor-tab-content-8174\" class=\"elementor-tab-content elementor-clearfix\" data-tab=\"4\" role=\"tabpanel\" aria-labelledby=\"elementor-tab-title-8174\" tabindex=\"0\" hidden=\"hidden\"><p>Adresse: Gruppe im Aufbau<\/p>\n<p>Contact: Sekretariat<\/p>\n<p>T\u00e9l\u00e9phone: <a style=\"color: #2b73b5;\" href=\"tel:+41 31 351 40 38\">031 351 40 38<\/a><\/p>\n<p>Email: <a style=\"color: #2b73b5;\" href=\"mailto:info@unity-schweiz.ch\">info@unity-schweiz.ch<\/a><\/p>\n<\/div>\n\t\t\t\t\t\t\t\t\t<div class=\"elementor-tab-title elementor-tab-mobile-title\" aria-selected=\"false\" data-tab=\"5\" role=\"tab\" tabindex=\"-1\" aria-controls=\"elementor-tab-content-8175\" aria-expanded=\"false\">Saint-Gall<\/div>\n\t\t\t\t\t<div id=\"elementor-tab-content-8175\" class=\"elementor-tab-content elementor-clearfix\" data-tab=\"5\" role=\"tabpanel\" aria-labelledby=\"elementor-tab-title-8175\" tabindex=\"0\" hidden=\"hidden\"><p>Adresse: Bruggwaldpark 14, 9008 St. Gallen<\/p>\n<p>Contact: Brigitta Strupler<\/p>\n<p>T\u00e9l\u00e9phone: <a style=\"color: #2b73b5;\" href=\"tel:+41 78 823 40 03\">078 823 40 03<\/a><\/p>\n<p>Email: <a style=\"color: #2b73b5;\" href=\"mailto:brigitta.strupler@solnet.ch\">brigitta.strupler@solnet.ch<\/a><\/p>\n<\/div>\n\t\t\t\t\t\t\t\t\t<div class=\"elementor-tab-title elementor-tab-mobile-title\" aria-selected=\"false\" data-tab=\"6\" role=\"tab\" tabindex=\"-1\" aria-controls=\"elementor-tab-content-8176\" aria-expanded=\"false\">Zurich<\/div>\n\t\t\t\t\t<div id=\"elementor-tab-content-8176\" class=\"elementor-tab-content elementor-clearfix\" data-tab=\"6\" role=\"tabpanel\" aria-labelledby=\"elementor-tab-title-8176\" tabindex=\"0\" hidden=\"hidden\"><p>Adresse: Gruppe im Aufbau<\/p>\n<p>Contact: Sekretariat<\/p>\n<p>T\u00e9l\u00e9phone: <a style=\"color: #2b73b5;\" href=\"tel:+41 31 351 40 38\">031 351 40 38<\/a><\/p>\n<p>Email: <a style=\"color: #2b73b5;\" href=\"mailto:info@unity-schweiz.ch\">info@unity-schweiz.ch<\/a><\/p>\n<\/div>\n\t\t\t\t\t\t\t<\/div>\n\t\t<\/div>\n\t\t\t\t\t\t<\/div>\n\t\t\t\t<\/div>\n\t\t\t\t\t<\/div>\n\t\t<\/div>\n\t\t\t\t\t<\/div>\n\t\t<\/section>\n\t\t\t\t<\/div>\n\t\t","protected":false},"excerpt":{"rendered":"<p>Groupes UNITY-Suisse UNITY-Suisse op\u00e8re dans toute la Suisse. Vous trouverez ici tous les groupes existants \u00e0 ce jour. Si vous<\/p>\n","protected":false},"author":2,"featured_media":0,"parent":0,"menu_order":0,"comment_status":"closed","ping_status":"closed","template":"","meta":{"footnotes":""},"class_list":["post-18297","page","type-page","status-publish","hentry"],"_links":{"self":[{"href":"https:\/\/unity-schweiz.ch\/fr\/wp-json\/wp\/v2\/pages\/18297","targetHints":{"allow":["GET"]}}],"collection":[{"href":"https:\/\/unity-schweiz.ch\/fr\/wp-json\/wp\/v2\/pages"}],"about":[{"href":"https:\/\/unity-schweiz.ch\/fr\/wp-json\/wp\/v2\/types\/page"}],"author":[{"embeddable":true,"href":"https:\/\/unity-schweiz.ch\/fr\/wp-json\/wp\/v2\/users\/2"}],"replies":[{"embeddable":true,"href":"https:\/\/unity-schweiz.ch\/fr\/wp-json\/wp\/v2\/comments?post=18297"}],"version-history":[{"count":8,"href":"https:\/\/unity-schweiz.ch\/fr\/wp-json\/wp\/v2\/pages\/18297\/revisions"}],"predecessor-version":[{"id":24865,"href":"https:\/\/unity-schweiz.ch\/fr\/wp-json\/wp\/v2\/pages\/18297\/revisions\/24865"}],"wp:attachment":[{"href":"https:\/\/unity-schweiz.ch\/fr\/wp-json\/wp\/v2\/media?parent=18297"}],"curies":[{"name":"wp","href":"https:\/\/api.w.org\/{rel}","templated":true}]}}